{"id":147,"date":"2023-04-05T17:10:32","date_gmt":"2023-04-05T17:10:32","guid":{"rendered":"http:\/\/www.clama.pl\/?page_id=147"},"modified":"2024-02-20T00:25:44","modified_gmt":"2024-02-20T00:25:44","slug":"obozy-rodzinne","status":"publish","type":"page","link":"https:\/\/www.clama.pl\/index.php\/obozy-rodzinne\/","title":{"rendered":"Obozy rodzinne"},"content":{"rendered":"\n<p>To doskona\u0142a okazja do sp\u0119dzenia czasu z rodzin\u0105 i znajomymi na \u0142onie natury.<\/p>\n\n\n\n<p><\/p>\n\n\n\n<p>Na wyjazd zapraszamy wszystkich ch\u0119tnych: rodziny z dzie\u0107mi, doros\u0142ych. Wspinamy si\u0119 w dowolnej konfiguracji.<\/p>\n\n\n\n<p>Wyprawa przeznaczona przede wszystkim dla os\u00f3b rozpoczynaj\u0105cych przygod\u0119 ze wspinaczk\u0105, ale nie tylko. Zawsze dostosujemy program pod Twoje mo\u017cliwo\u015bci wspinaczkowe.<\/p>\n\n\n\n<p><strong>Jak wygl\u0105da dzie\u0144?<\/strong><\/p>\n\n\n\n<p>Spotykamy si\u0119 w ustalonym wcze\u015bniej miejscu, wychodzimy pod ska\u0142y i wspinamy si\u0119 a\u017c do p\u00f3\u017anego popo\u0142udnia. Nad naszym bezpiecze\u0144stwem czuwaj\u0105 instruktorzy wspinaczki. Prowadzimy szkolenie z zakresu znajomo\u015bci i u\u017cywania sprz\u0119tu wspinaczkowego, podstaw asekuracji i technik wspinaczkowych.<\/p>\n\n\n\n<p>Wieczorem mo\u017cemy si\u0119 spotka\u0107 na wsp\u00f3lnym biesiadowaniu lub indywidualnie wracamy na miejsce noclegu.<\/p>\n\n\n\n<p><\/p>\n\n\n\n<p class=\"has-text-align-center\"><strong>TERMINY I KOSZTY:<\/strong><\/p>\n\n\n\n<figure class=\"wp-block-table\"><table><tbody><tr><td>26-27 sierpnia 2023<\/td><td>350 z\u0142 \/ 1 os. \/ 2 dni zaj\u0119\u0107*<\/td><\/tr><tr><td>2-3 wrze\u015bnia 2023<\/td><td>350 z\u0142 \/ 1 os. \/ 2 dni zaj\u0119\u0107*<\/td><\/tr><\/tbody><\/table><figcaption class=\"wp-element-caption\">p\u0142atno\u015b\u0107 dotyczy tylko os\u00f3b wspinaj\u0105cych si\u0119<\/figcaption><\/figure>\n\n\n\n<p><strong>Cena zawiera:<\/strong><br>2 dni zaj\u0119\u0107 wspinaczkowych z do\u015bwiadczonymi instruktorami.<br>Niezb\u0119dny sprz\u0119t (poza sprz\u0119tem osobistym \u2013 nale\u017cy posiada\u0107 w\u0142asne buty wspinaczkowe, kask i uprz\u0105\u017c (istnieje mo\u017cliwo\u015b\u0107 wypo\u017cyczenia sprz\u0119tu).<\/p>\n\n\n\n<p><\/p>\n\n\n\n<div class=\"wp-block-buttons is-layout-flex wp-block-buttons-is-layout-flex\">\n<div class=\"wp-block-button\"><a class=\"wp-block-button__link wp-element-button\" href=\"https:\/\/forms.gle\/FkjH7Eu727Yq7bZR7\" target=\"_blank\" rel=\"noreferrer noopener\">zapisz si\u0119 ju\u017c dzi\u015b<\/a><\/div>\n<\/div>\n","protected":false},"excerpt":{"rendered":"<p>To doskona\u0142a okazja do sp\u0119dzenia czasu z rodzin\u0105 i znajomymi na \u0142onie natury. Na wyjazd zapraszamy wszystkich ch\u0119tnych: rodziny z dzie\u0107mi, doros\u0142ych. Wspinamy si\u0119 w dowolnej konfiguracji. Wyprawa przeznaczona przede wszystkim dla os\u00f3b rozpoczynaj\u0105cych przygod\u0119 ze wspinaczk\u0105, ale nie tylko. Zawsze dostosujemy program pod Twoje mo\u017cliwo\u015bci wspinaczkowe. Jak wygl\u0105da dzie\u0144? Spotykamy si\u0119 w ustalonym wcze\u015bniej [&hellip;]<\/p>\n","protected":false},"author":1,"featured_media":0,"parent":0,"menu_order":0,"comment_status":"closed","ping_status":"closed","template":"","meta":{"footnotes":""},"class_list":["post-147","page","type-page","status-publish","hentry"],"_links":{"self":[{"href":"https:\/\/www.clama.pl\/index.php\/wp-json\/wp\/v2\/pages\/147","targetHints":{"allow":["GET"]}}],"collection":[{"href":"https:\/\/www.clama.pl\/index.php\/wp-json\/wp\/v2\/pages"}],"about":[{"href":"https:\/\/www.clama.pl\/index.php\/wp-json\/wp\/v2\/types\/page"}],"author":[{"embeddable":true,"href":"https:\/\/www.clama.pl\/index.php\/wp-json\/wp\/v2\/users\/1"}],"replies":[{"embeddable":true,"href":"https:\/\/www.clama.pl\/index.php\/wp-json\/wp\/v2\/comments?post=147"}],"version-history":[{"count":7,"href":"https:\/\/www.clama.pl\/index.php\/wp-json\/wp\/v2\/pages\/147\/revisions"}],"predecessor-version":[{"id":268,"href":"https:\/\/www.clama.pl\/index.php\/wp-json\/wp\/v2\/pages\/147\/revisions\/268"}],"wp:attachment":[{"href":"https:\/\/www.clama.pl\/index.php\/wp-json\/wp\/v2\/media?parent=147"}],"curies":[{"name":"wp","href":"https:\/\/api.w.org\/{rel}","templated":true}]}}