{"id":17,"date":"2022-12-28T00:42:59","date_gmt":"2022-12-28T00:42:59","guid":{"rendered":"http:\/\/www.clama.pl\/?page_id=17"},"modified":"2023-01-03T10:06:12","modified_gmt":"2023-01-03T10:06:12","slug":"o-mnie","status":"publish","type":"page","link":"https:\/\/www.clama.pl\/index.php\/o-mnie\/","title":{"rendered":"o mnie"},"content":{"rendered":"\n<figure class=\"wp-block-image size-full is-resized\"><img loading=\"lazy\" decoding=\"async\" src=\"https:\/\/www.clama.pl\/wp-content\/uploads\/2023\/01\/IMG_3522.jpg\" alt=\"\" class=\"wp-image-117\" width=\"138\" height=\"206\" srcset=\"https:\/\/www.clama.pl\/wp-content\/uploads\/2023\/01\/IMG_3522.jpg 667w, https:\/\/www.clama.pl\/wp-content\/uploads\/2023\/01\/IMG_3522-200x300.jpg 200w\" sizes=\"auto, (max-width: 138px) 100vw, 138px\" \/><\/figure>\n\n\n\n<p><em>Rafa\u0142 Kanowski<\/em><\/p>\n\n\n\n<p>instruktor wspinaczki sportowej<\/p>\n\n\n\n<p>z kilkuletnim do\u015bwiadczeniem w prowadzeniu zaj\u0119\u0107 wspinaczkowych dla dzieci<\/p>\n\n\n\n<p>s\u0119dzia wspinaczki sportowej Polskiego Zwi\u0105zku Alpinizmu<\/p>\n\n\n\n<p>nauczyciel<\/p>\n","protected":false},"excerpt":{"rendered":"<p>Rafa\u0142 Kanowski instruktor wspinaczki sportowej z kilkuletnim do\u015bwiadczeniem w prowadzeniu zaj\u0119\u0107 wspinaczkowych dla dzieci s\u0119dzia wspinaczki sportowej Polskiego Zwi\u0105zku Alpinizmu nauczyciel<\/p>\n","protected":false},"author":1,"featured_media":0,"parent":0,"menu_order":0,"comment_status":"closed","ping_status":"closed","template":"","meta":{"footnotes":""},"class_list":["post-17","page","type-page","status-publish","hentry"],"_links":{"self":[{"href":"https:\/\/www.clama.pl\/index.php\/wp-json\/wp\/v2\/pages\/17","targetHints":{"allow":["GET"]}}],"collection":[{"href":"https:\/\/www.clama.pl\/index.php\/wp-json\/wp\/v2\/pages"}],"about":[{"href":"https:\/\/www.clama.pl\/index.php\/wp-json\/wp\/v2\/types\/page"}],"author":[{"embeddable":true,"href":"https:\/\/www.clama.pl\/index.php\/wp-json\/wp\/v2\/users\/1"}],"replies":[{"embeddable":true,"href":"https:\/\/www.clama.pl\/index.php\/wp-json\/wp\/v2\/comments?post=17"}],"version-history":[{"count":7,"href":"https:\/\/www.clama.pl\/index.php\/wp-json\/wp\/v2\/pages\/17\/revisions"}],"predecessor-version":[{"id":118,"href":"https:\/\/www.clama.pl\/index.php\/wp-json\/wp\/v2\/pages\/17\/revisions\/118"}],"wp:attachment":[{"href":"https:\/\/www.clama.pl\/index.php\/wp-json\/wp\/v2\/media?parent=17"}],"curies":[{"name":"wp","href":"https:\/\/api.w.org\/{rel}","templated":true}]}}