{"id":223,"date":"2024-02-19T23:09:37","date_gmt":"2024-02-19T23:09:37","guid":{"rendered":"https:\/\/www.clama.pl\/?page_id=223"},"modified":"2024-02-19T23:09:37","modified_gmt":"2024-02-19T23:09:37","slug":"polityka-prywatnosci","status":"publish","type":"page","link":"https:\/\/www.clama.pl\/index.php\/polityka-prywatnosci\/","title":{"rendered":"Polityka prywatno\u015bci"},"content":{"rendered":"\n<figure class=\"wp-block-image size-full is-resized\"><img loading=\"lazy\" decoding=\"async\" width=\"352\" height=\"362\" src=\"https:\/\/www.clama.pl\/wp-content\/uploads\/2022\/12\/cropped-Climbing-Sport-e1672263648325-2.png\" alt=\"\" class=\"wp-image-184\" style=\"width:98px;height:auto\" srcset=\"https:\/\/www.clama.pl\/wp-content\/uploads\/2022\/12\/cropped-Climbing-Sport-e1672263648325-2.png 352w, https:\/\/www.clama.pl\/wp-content\/uploads\/2022\/12\/cropped-Climbing-Sport-e1672263648325-2-292x300.png 292w\" sizes=\"auto, (max-width: 352px) 100vw, 352px\" \/><\/figure>\n\n\n\n<p><strong>Karta informacyjna RODO<\/strong><\/p>\n\n\n\n<p>Informacja na temat cel\u00f3w i zasad przetwarzania danych osobowych przez Rafa\u0142 Kanowski Clama.<\/p>\n\n\n\n<p><strong>Administrator danych osobowych<\/strong><\/p>\n\n\n\n<p>Administratorem podanych danych osobowych jest Rafa\u0142 Kanowski Clama z siedzib\u0105 w Kossowej, ul. Pod D\u0119bami 1, NIP: 6411282598.<\/p>\n\n\n\n<p><strong>Kontakt w sprawach zwi\u0105zanych z przekazywania danych osobowych<\/strong><\/p>\n\n\n\n<p>Mo\u017cesz si\u0119 z nami skontaktowa\u0107: wysy\u0142aj\u0105c e-mail na adres rafal.kanowski@clama.pl lub dzwoni\u0105c pod numer telefonu dost\u0119pnego na stronie.<strong><\/strong><\/p>\n\n\n\n<p><strong>Cel przetwarzania danych<\/strong><\/p>\n\n\n\n<p>Twoje dane osobowe przetwarzamy na podstawie niezb\u0119dno\u015bci przetwarzania do zawarcia i wykonania umowy o \u015bwiadczenie us\u0142ug firmy oraz na podstawie konieczno\u015bci przetwarzania danych do realizacji prawnie uzasadnionego interesu administratora:<br>np. w celu marketingu bezpo\u015bredniego naszych produkt\u00f3w lub przygotowania sprofilowanej oferty i dokonania wyceny w odpowiedzi na zadane zapytanie.<\/p>\n\n\n\n<p><strong>Przekazywanie danych osobowych<\/strong><\/p>\n\n\n\n<p>Dane osobowe b\u0119d\u0105 przetwarzane wy\u0142\u0105cznie przez Administratora do realizacji wskazanych wy\u017cej cel\u00f3w. Przetwarzanie danych osobowych przez partner\u00f3w Rafa\u0142 Kanowski Clama odbywa si\u0119 na podstawie umowy zapewniaj\u0105cej zgodno\u015b\u0107 warunk\u00f3w przetwarzania z rozporz\u0105dzeniem o ochronie danych osobowych. Dane osobowe mog\u0105 zosta\u0107 przekazane organom publicznym uprawnionym do ich pozyskania r\u00f3wnie\u017c na podstawie odr\u0119bnych przepis\u00f3w (Policji, Prokuraturze, Urz\u0119dom Celnym etc.)<\/p>\n\n\n\n<p><strong>Czas przetrzymywania danych osobowych<\/strong><\/p>\n\n\n\n<p>Twoje dane osobowe b\u0119d\u0105 przechowywane do momentu wyga\u015bni\u0119cia obowi\u0105zku przechowywania danych osobowych wynikaj\u0105cego z przepis\u00f3w prawa.<\/p>\n\n\n\n<p>Przestaniemy przetwarza\u0107 Twoje dane osobowe w celach marketingu bezpo\u015bredniego w momencie, kiedy zg\u0142osisz sprzeciw wobec przetwarzania w tym zakresie.<\/p>\n\n\n\n<p><strong>Uprawnienia klient\u00f3w wzgl\u0119dem w\u0142asnych danych osobowych<\/strong><\/p>\n\n\n\n<p>Zawsze mo\u017cesz poprosi\u0107 nas o dost\u0119p do swoich danych osobowych. Mo\u017cesz r\u00f3wnie\u017c skorzysta\u0107 z prawa \u017c\u0105dania sprostowania swoich danych, usuni\u0119cia lub ograniczenia ich przetwarzania:<\/p>\n\n\n\n<ul class=\"wp-block-list\">\n<li>w zakresie, w jakim przetwarzamy Twoje dane w oparciu o prawnie uzasadniony interes administratora, przys\u0142uguje Ci prawo wniesienia sprzeciwu wobec przetwarzania Twoich danych osobowych<\/li>\n\n\n\n<li>w zakresie, w jakim przetwarzamy dane osobowe na podstawie Twojej zgody masz prawo jej wycofania w dowolnym momencie; wycofanie zgody nie ma wp\u0142ywu na zgodno\u015b\u0107 z prawem przetwarzania, kt\u00f3rego dokonali\u015bmy na podstawie zgody przed jej wycofaniem<\/li>\n\n\n\n<li>przys\u0142uguje Ci r\u00f3wnie\u017c prawo wniesienia skargi do organu nadzorczego zajmuj\u0105cego si\u0119 ochron\u0105 danych osobowych.<\/li>\n<\/ul>\n","protected":false},"excerpt":{"rendered":"<p>Karta informacyjna RODO Informacja na temat cel\u00f3w i zasad przetwarzania danych osobowych przez Rafa\u0142 Kanowski Clama. Administrator danych osobowych Administratorem podanych danych osobowych jest Rafa\u0142 Kanowski Clama z siedzib\u0105 w Kossowej, ul. Pod D\u0119bami 1, NIP: 6411282598. Kontakt w sprawach zwi\u0105zanych z przekazywania danych osobowych Mo\u017cesz si\u0119 z nami skontaktowa\u0107: wysy\u0142aj\u0105c e-mail na adres rafal.kanowski@clama.pl [&hellip;]<\/p>\n","protected":false},"author":1,"featured_media":0,"parent":0,"menu_order":0,"comment_status":"closed","ping_status":"closed","template":"","meta":{"footnotes":""},"class_list":["post-223","page","type-page","status-publish","hentry"],"_links":{"self":[{"href":"https:\/\/www.clama.pl\/index.php\/wp-json\/wp\/v2\/pages\/223","targetHints":{"allow":["GET"]}}],"collection":[{"href":"https:\/\/www.clama.pl\/index.php\/wp-json\/wp\/v2\/pages"}],"about":[{"href":"https:\/\/www.clama.pl\/index.php\/wp-json\/wp\/v2\/types\/page"}],"author":[{"embeddable":true,"href":"https:\/\/www.clama.pl\/index.php\/wp-json\/wp\/v2\/users\/1"}],"replies":[{"embeddable":true,"href":"https:\/\/www.clama.pl\/index.php\/wp-json\/wp\/v2\/comments?post=223"}],"version-history":[{"count":1,"href":"https:\/\/www.clama.pl\/index.php\/wp-json\/wp\/v2\/pages\/223\/revisions"}],"predecessor-version":[{"id":224,"href":"https:\/\/www.clama.pl\/index.php\/wp-json\/wp\/v2\/pages\/223\/revisions\/224"}],"wp:attachment":[{"href":"https:\/\/www.clama.pl\/index.php\/wp-json\/wp\/v2\/media?parent=223"}],"curies":[{"name":"wp","href":"https:\/\/api.w.org\/{rel}","templated":true}]}}