{"id":26,"date":"2022-12-28T17:39:44","date_gmt":"2022-12-28T17:39:44","guid":{"rendered":"http:\/\/www.clama.pl\/?page_id=26"},"modified":"2023-09-05T16:06:32","modified_gmt":"2023-09-05T16:06:32","slug":"oferta","status":"publish","type":"page","link":"https:\/\/www.clama.pl\/index.php\/oferta\/","title":{"rendered":"oferta"},"content":{"rendered":"\n<p>zapraszam do zapoznania si\u0119 z ofert\u0105 zaj\u0119\u0107 wspinaczkowych dla dzieci i starszych<\/p>\n\n\n\n<div class=\"wp-block-buttons is-layout-flex wp-block-buttons-is-layout-flex\">\n<div class=\"wp-block-button\"><a class=\"wp-block-button__link wp-element-button\" href=\"https:\/\/www.clama.pl\/index.php\/obozy-rodzinne\/\" target=\"_blank\" rel=\"noreferrer noopener\">obozy rodzinne<\/a><\/div>\n<\/div>\n\n\n\n<div class=\"wp-block-buttons is-layout-flex wp-block-buttons-is-layout-flex\">\n<div class=\"wp-block-button\"><a class=\"wp-block-button__link wp-element-button\" href=\"https:\/\/www.clama.pl\/index.php\/obozy-wspinaczkowe\/\" target=\"_blank\" rel=\"noreferrer noopener\">obozy wspinaczkowe<\/a><\/div>\n<\/div>\n\n\n\n<div class=\"wp-block-buttons is-layout-flex wp-block-buttons-is-layout-flex\">\n<div class=\"wp-block-button\"><a class=\"wp-block-button__link wp-element-button\" href=\"https:\/\/www.clama.pl\/index.php\/harmonogram-zajec\/\">harmonogram zaj\u0119\u0107<\/a><\/div>\n<\/div>\n","protected":false},"excerpt":{"rendered":"<p>zapraszam do zapoznania si\u0119 z ofert\u0105 zaj\u0119\u0107 wspinaczkowych dla dzieci i starszych<\/p>\n","protected":false},"author":1,"featured_media":0,"parent":0,"menu_order":0,"comment_status":"closed","ping_status":"closed","template":"","meta":{"footnotes":""},"class_list":["post-26","page","type-page","status-publish","hentry"],"_links":{"self":[{"href":"https:\/\/www.clama.pl\/index.php\/wp-json\/wp\/v2\/pages\/26","targetHints":{"allow":["GET"]}}],"collection":[{"href":"https:\/\/www.clama.pl\/index.php\/wp-json\/wp\/v2\/pages"}],"about":[{"href":"https:\/\/www.clama.pl\/index.php\/wp-json\/wp\/v2\/types\/page"}],"author":[{"embeddable":true,"href":"https:\/\/www.clama.pl\/index.php\/wp-json\/wp\/v2\/users\/1"}],"replies":[{"embeddable":true,"href":"https:\/\/www.clama.pl\/index.php\/wp-json\/wp\/v2\/comments?post=26"}],"version-history":[{"count":5,"href":"https:\/\/www.clama.pl\/index.php\/wp-json\/wp\/v2\/pages\/26\/revisions"}],"predecessor-version":[{"id":196,"href":"https:\/\/www.clama.pl\/index.php\/wp-json\/wp\/v2\/pages\/26\/revisions\/196"}],"wp:attachment":[{"href":"https:\/\/www.clama.pl\/index.php\/wp-json\/wp\/v2\/media?parent=26"}],"curies":[{"name":"wp","href":"https:\/\/api.w.org\/{rel}","templated":true}]}}