{"id":30,"date":"2022-12-28T17:40:16","date_gmt":"2022-12-28T17:40:16","guid":{"rendered":"http:\/\/www.clama.pl\/?page_id=30"},"modified":"2024-10-02T11:32:22","modified_gmt":"2024-10-02T11:32:22","slug":"dokumenty","status":"publish","type":"page","link":"https:\/\/www.clama.pl\/index.php\/dokumenty\/","title":{"rendered":"dokumenty"},"content":{"rendered":"\n<p class=\"has-medium-font-size\">I. Regulamin \u015bciany wspinaczkowej i zaj\u0119\u0107<\/p>\n\n\n\n<p><strong>Us\u0142ugodawca: <\/strong><br>Rafa\u0142 Kanowski Clama<br>NIP 6411282598<br>REGON 524113230<\/p>\n\n\n\n<p><strong>Odst\u0105pienie od umowy:<\/strong> Informacja pisemna w systemie luppo. Termin: przed rozpocz\u0119ciem kolejnego miesi\u0105ca rozliczeniowego.<\/p>\n\n\n\n<p><strong>Reklamacje:<\/strong> przyjmowane s\u0105 w formie e-mail wys\u0142anej na adres: rafal.kanowski@clama.pl. Termin rozpatrywania reklamacji: do 14 dni od daty wys\u0142ania.<\/p>\n\n\n\n<div class=\"wp-block-file\"><a id=\"wp-block-file--media-6609ec47-0895-4aae-a471-2afe76d8d04a\" href=\"https:\/\/www.clama.pl\/wp-content\/uploads\/2023\/01\/Regulamin-sciany.pdf\">Regulamin-sciany<\/a><a href=\"https:\/\/www.clama.pl\/wp-content\/uploads\/2023\/01\/Regulamin-sciany.pdf\" class=\"wp-block-file__button wp-element-button\" download aria-describedby=\"wp-block-file--media-6609ec47-0895-4aae-a471-2afe76d8d04a\">Pobierz<\/a><\/div>\n\n\n\n<p class=\"has-medium-font-size\">II. Zgoda opiekuna\/rodzica na uczestnictwo dziecka w zaj\u0119ciach<\/p>\n\n\n\n<div class=\"wp-block-file\"><a id=\"wp-block-file--media-329bc271-90e3-40a4-8dc5-069e55956a68\" href=\"https:\/\/www.clama.pl\/wp-content\/uploads\/2023\/01\/deklaracja.docx\">deklaracja<\/a><a href=\"https:\/\/www.clama.pl\/wp-content\/uploads\/2023\/01\/deklaracja.docx\" class=\"wp-block-file__button wp-element-button\" download aria-describedby=\"wp-block-file--media-329bc271-90e3-40a4-8dc5-069e55956a68\">Pobierz<\/a><\/div>\n\n\n\n<p>III. Polityka prywatno\u015bci<\/p>\n\n\n\n<div class=\"wp-block-file\"><a id=\"wp-block-file--media-5c6bb943-1d39-4e92-a85b-c9fcdf3b9e69\" href=\"https:\/\/www.clama.pl\/wp-content\/uploads\/2023\/10\/polityka-prywatnosci-Clama.pdf\">polityka-prywatnosci-Clama<\/a><a href=\"https:\/\/www.clama.pl\/wp-content\/uploads\/2023\/10\/polityka-prywatnosci-Clama.pdf\" class=\"wp-block-file__button wp-element-button\" download aria-describedby=\"wp-block-file--media-5c6bb943-1d39-4e92-a85b-c9fcdf3b9e69\">Pobierz<\/a><\/div>\n","protected":false},"excerpt":{"rendered":"<p>I. Regulamin \u015bciany wspinaczkowej i zaj\u0119\u0107 Us\u0142ugodawca: Rafa\u0142 Kanowski ClamaNIP 6411282598REGON 524113230 Odst\u0105pienie od umowy: Informacja pisemna w systemie luppo. Termin: przed rozpocz\u0119ciem kolejnego miesi\u0105ca rozliczeniowego. Reklamacje: przyjmowane s\u0105 w formie e-mail wys\u0142anej na adres: rafal.kanowski@clama.pl. Termin rozpatrywania reklamacji: do 14 dni od daty wys\u0142ania. II. Zgoda opiekuna\/rodzica na uczestnictwo dziecka w zaj\u0119ciach III. Polityka [&hellip;]<\/p>\n","protected":false},"author":1,"featured_media":0,"parent":0,"menu_order":0,"comment_status":"closed","ping_status":"closed","template":"","meta":{"footnotes":""},"class_list":["post-30","page","type-page","status-publish","hentry"],"_links":{"self":[{"href":"https:\/\/www.clama.pl\/index.php\/wp-json\/wp\/v2\/pages\/30","targetHints":{"allow":["GET"]}}],"collection":[{"href":"https:\/\/www.clama.pl\/index.php\/wp-json\/wp\/v2\/pages"}],"about":[{"href":"https:\/\/www.clama.pl\/index.php\/wp-json\/wp\/v2\/types\/page"}],"author":[{"embeddable":true,"href":"https:\/\/www.clama.pl\/index.php\/wp-json\/wp\/v2\/users\/1"}],"replies":[{"embeddable":true,"href":"https:\/\/www.clama.pl\/index.php\/wp-json\/wp\/v2\/comments?post=30"}],"version-history":[{"count":8,"href":"https:\/\/www.clama.pl\/index.php\/wp-json\/wp\/v2\/pages\/30\/revisions"}],"predecessor-version":[{"id":328,"href":"https:\/\/www.clama.pl\/index.php\/wp-json\/wp\/v2\/pages\/30\/revisions\/328"}],"wp:attachment":[{"href":"https:\/\/www.clama.pl\/index.php\/wp-json\/wp\/v2\/media?parent=30"}],"curies":[{"name":"wp","href":"https:\/\/api.w.org\/{rel}","templated":true}]}}