{"id":36,"date":"2022-12-28T17:41:57","date_gmt":"2022-12-28T17:41:57","guid":{"rendered":"http:\/\/www.clama.pl\/?page_id=36"},"modified":"2023-09-05T16:04:51","modified_gmt":"2023-09-05T16:04:51","slug":"harmonogram-zajec","status":"publish","type":"page","link":"https:\/\/www.clama.pl\/index.php\/harmonogram-zajec\/","title":{"rendered":"harmonogram zaj\u0119\u0107"},"content":{"rendered":"\n<p><strong>\u015aciana przy Szkole Podstawowej w Jaroszowicach<\/strong><\/p>\n\n\n\n<figure class=\"wp-block-table alignwide\"><table class=\"has-fixed-layout\"><tbody><tr><td class=\"has-text-align-center\" data-align=\"center\"><strong>GRUPA<\/strong><\/td><td class=\"has-text-align-center\" data-align=\"center\"><strong>DZIE\u0143 TYGODNIA<\/strong><\/td><td class=\"has-text-align-center\" data-align=\"center\"><strong>GODZINA<\/strong><\/td><td class=\"has-text-align-center\" data-align=\"center\"><strong>DLA KOGO?<\/strong><\/td><\/tr><tr><td class=\"has-text-align-center\" data-align=\"center\"><strong>I<\/strong><\/td><td class=\"has-text-align-center\" data-align=\"center\">\u015aRODA<\/td><td class=\"has-text-align-center\" data-align=\"center\">16:00-17:30<\/td><td class=\"has-text-align-center\" data-align=\"center\">WSZYSCY<\/td><\/tr><tr><td class=\"has-text-align-center\" data-align=\"center\"><strong>II<\/strong><\/td><td class=\"has-text-align-center\" data-align=\"center\">\u015aRODA<\/td><td class=\"has-text-align-center\" data-align=\"center\">17:30-19:00<\/td><td class=\"has-text-align-center\" data-align=\"center\">WSZYSCY<\/td><\/tr><tr><td class=\"has-text-align-center\" data-align=\"center\"><strong>III<\/strong><\/td><td class=\"has-text-align-center\" data-align=\"center\">PI\u0104TEK<\/td><td class=\"has-text-align-center\" data-align=\"center\">16:00-17:30<\/td><td class=\"has-text-align-center\" data-align=\"center\">WSZYSCY<\/td><\/tr><tr><td class=\"has-text-align-center\" data-align=\"center\">IV<\/td><td class=\"has-text-align-center\" data-align=\"center\">PI\u0104TEK<\/td><td class=\"has-text-align-center\" data-align=\"center\">17:30-19:00<\/td><td class=\"has-text-align-center\" data-align=\"center\">WSZYSCY<\/td><\/tr><tr><td class=\"has-text-align-center\" data-align=\"center\"><\/td><td class=\"has-text-align-center\" data-align=\"center\"><\/td><td class=\"has-text-align-center\" data-align=\"center\"><\/td><td class=\"has-text-align-center\" data-align=\"center\"><\/td><\/tr><\/tbody><\/table><\/figure>\n\n\n\n<p><strong>\u015aciana przy Szkole Podstawowej Nr 4 w Niepo\u0142omicach<\/strong><\/p>\n\n\n\n<figure class=\"wp-block-table alignwide\"><table class=\"has-fixed-layout\"><tbody><tr><td class=\"has-text-align-center\" data-align=\"center\"><strong>GRUPA<\/strong><\/td><td class=\"has-text-align-center\" data-align=\"center\"><strong>DZIE\u0143 TYGODNIA<\/strong><\/td><td class=\"has-text-align-center\" data-align=\"center\"><strong>GODZINA<\/strong><\/td><td class=\"has-text-align-center\" data-align=\"center\"><strong>DLA KOGO?<\/strong><\/td><\/tr><tr><td class=\"has-text-align-center\" data-align=\"center\"><strong>I<\/strong><\/td><td class=\"has-text-align-center\" data-align=\"center\">WTOREK<\/td><td class=\"has-text-align-center\" data-align=\"center\">16:00-17:30<\/td><td class=\"has-text-align-center\" data-align=\"center\">WSZYSCY<\/td><\/tr><tr><td class=\"has-text-align-center\" data-align=\"center\"><strong>II<\/strong><\/td><td class=\"has-text-align-center\" data-align=\"center\">WTOREK<\/td><td class=\"has-text-align-center\" data-align=\"center\">17:30-19:00<\/td><td class=\"has-text-align-center\" data-align=\"center\">WSZYSCY<\/td><\/tr><tr><td class=\"has-text-align-center\" data-align=\"center\"><strong>III<\/strong><\/td><td class=\"has-text-align-center\" data-align=\"center\">PI\u0104TEK<\/td><td class=\"has-text-align-center\" data-align=\"center\">16:00-17:30<\/td><td class=\"has-text-align-center\" data-align=\"center\">WSZYSCY<\/td><\/tr><tr><td class=\"has-text-align-center\" data-align=\"center\">IV<\/td><td class=\"has-text-align-center\" data-align=\"center\">PI\u0104TEK<\/td><td class=\"has-text-align-center\" data-align=\"center\">17:30-19:00<\/td><td class=\"has-text-align-center\" data-align=\"center\">WSZYSCY<\/td><\/tr><tr><td class=\"has-text-align-center\" data-align=\"center\">\ufeff<\/td><td class=\"has-text-align-center\" data-align=\"center\">\ufeff<\/td><td class=\"has-text-align-center\" data-align=\"center\">\ufeff<\/td><\/tr><\/tbody><\/table><\/figure>\n","protected":false},"excerpt":{"rendered":"<p>\u015aciana przy Szkole Podstawowej w Jaroszowicach GRUPA DZIE\u0143 TYGODNIA GODZINA DLA KOGO? I \u015aRODA 16:00-17:30 WSZYSCY II \u015aRODA 17:30-19:00 WSZYSCY III PI\u0104TEK 16:00-17:30 WSZYSCY IV PI\u0104TEK 17:30-19:00 WSZYSCY \u015aciana przy Szkole Podstawowej Nr 4 w Niepo\u0142omicach GRUPA DZIE\u0143 TYGODNIA GODZINA DLA KOGO? I WTOREK 16:00-17:30 WSZYSCY II WTOREK 17:30-19:00 WSZYSCY III PI\u0104TEK 16:00-17:30 WSZYSCY IV [&hellip;]<\/p>\n","protected":false},"author":1,"featured_media":0,"parent":0,"menu_order":0,"comment_status":"closed","ping_status":"closed","template":"","meta":{"footnotes":""},"class_list":["post-36","page","type-page","status-publish","hentry"],"_links":{"self":[{"href":"https:\/\/www.clama.pl\/index.php\/wp-json\/wp\/v2\/pages\/36","targetHints":{"allow":["GET"]}}],"collection":[{"href":"https:\/\/www.clama.pl\/index.php\/wp-json\/wp\/v2\/pages"}],"about":[{"href":"https:\/\/www.clama.pl\/index.php\/wp-json\/wp\/v2\/types\/page"}],"author":[{"embeddable":true,"href":"https:\/\/www.clama.pl\/index.php\/wp-json\/wp\/v2\/users\/1"}],"replies":[{"embeddable":true,"href":"https:\/\/www.clama.pl\/index.php\/wp-json\/wp\/v2\/comments?post=36"}],"version-history":[{"count":7,"href":"https:\/\/www.clama.pl\/index.php\/wp-json\/wp\/v2\/pages\/36\/revisions"}],"predecessor-version":[{"id":194,"href":"https:\/\/www.clama.pl\/index.php\/wp-json\/wp\/v2\/pages\/36\/revisions\/194"}],"wp:attachment":[{"href":"https:\/\/www.clama.pl\/index.php\/wp-json\/wp\/v2\/media?parent=36"}],"curies":[{"name":"wp","href":"https:\/\/api.w.org\/{rel}","templated":true}]}}